{"id":5991,"date":"2017-04-24T11:07:38","date_gmt":"2017-04-24T11:07:38","guid":{"rendered":"http:\/\/ivlogistica.com\/es\/?page_id=5991"},"modified":"2023-04-17T11:49:44","modified_gmt":"2023-04-17T09:49:44","slug":"contacto","status":"publish","type":"page","link":"https:\/\/www.ivlogistica.com\/es\/contacto\/","title":{"rendered":"CONTACTO"},"content":{"rendered":"<section class=\"l-section wpb_row height_medium width_full with_img with_overlay\"><div class=\"l-section-img\" style=\"background-image: url(https:\/\/www.ivlogistica.com\/es\/wp-content\/uploads\/2017\/04\/Edificio-IVL.jpg);background-position: bottom center;background-repeat: no-repeat;\" data-img-width=\"624\" data-img-height=\"384\"><\/div><div class=\"l-section-overlay\" style=\"background-color: rgba(10,10,10,0.75)\"><\/div><div class=\"l-section-h i-cf\"><div class=\"g-cols type_default valign_top\"><div class=\"vc_col-sm-12 wpb_column vc_column_container has-fill\"><div class=\"vc_column-inner  vc_custom_1495092655172\"><div class=\"wpb_wrapper\">[vc_empty_space height=\u00bb400px\u00bb]<\/div><\/div><\/div><\/div><\/div><\/section><section class=\"l-section wpb_row height_medium\"><div class=\"l-section-h i-cf\"><div class=\"g-cols type_default valign_top vc_column-gap-20\"><div class=\"vc_col-sm-6 wpb_column vc_column_container\"><div class=\"vc_column-inner\"><div class=\"wpb_wrapper\">\n\t<div class=\"wpb_text_column \">\n\t\t<div class=\"wpb_wrapper\">\n\t\t\t<h3>Informaci\u00f3n de contacto<\/h3>\n\n\t\t<\/div>\n\t<\/div>\n<div class=\"w-iconbox iconpos_left style_outlined color_primary no_text\"><a class=\"w-iconbox-link\" href=\"mailto:info@example.com\"><div class=\"w-iconbox-icon\" style=\"font-size:22px;\"><i class=\"fa fa-map-marker\"><\/i><\/div><\/a><div class=\"w-iconbox-meta\"><a class=\"w-iconbox-link\" href=\"mailto:info@example.com\"><div class=\"w-iconbox-title\">Plazuela San Nicol\u00e1s 3, 3\u00aa planta - 48005 Bilbao<\/div><\/a><\/div><\/div><div class=\"w-separator type_invisible size_small thick_1 style_solid color_border cont_none\"><span class=\"w-separator-h\"><\/span><\/div><div class=\"w-iconbox iconpos_left style_outlined color_primary no_text\"><a class=\"w-iconbox-link\" href=\"mailto:info@example.com\"><div class=\"w-iconbox-icon\" style=\"font-size:22px;\"><i class=\"fa fa-phone\"><\/i><\/div><\/a><div class=\"w-iconbox-meta\"><a class=\"w-iconbox-link\" href=\"mailto:info@example.com\"><div class=\"w-iconbox-title\">944 387 194<\/div><\/a><\/div><\/div><div class=\"w-separator type_invisible size_small thick_1 style_solid color_border cont_none\"><span class=\"w-separator-h\"><\/span><\/div><div class=\"w-iconbox iconpos_left style_outlined color_primary no_text\"><a class=\"w-iconbox-link\" href=\"mailto:ivl@ivlogistica.com\"><div class=\"w-iconbox-icon\" style=\"font-size:22px;\"><i class=\"fa fa-envelope\"><\/i><\/div><\/a><div class=\"w-iconbox-meta\"><a class=\"w-iconbox-link\" href=\"mailto:ivl@ivlogistica.com\"><div class=\"w-iconbox-title\">ivl@ivlogistica.com<\/div><\/a><\/div><\/div><div class=\"w-separator type_invisible size_medium thick_1 style_solid color_border cont_none\"><span class=\"w-separator-h\"><\/span><\/div>[vc_raw_html 0=\u00bb\u00bb]JTNDc3R5bGUlM0UlMEEuZW1iZWQtcmVzcG9uc2l2ZSUyMCU3QiUwQSUyMCUyMHBvc2l0aW9uJTNBJTIwcmVsYXRpdmUlM0IlMEElMjAlMjBkaXNwbGF5JTNBJTIwYmxvY2slM0IlMEElMjAlMjBoZWlnaHQlM0ElMjAwJTNCJTBBJTIwJTIwcGFkZGluZyUzQSUyMDAlM0IlMEElMjAlMjBvdmVyZmxvdyUzQSUyMGhpZGRlbiUzQiUwQSU3RCUwQS5lbWJlZC1yZXNwb25zaXZlJTIwLmVtYmVkLXJlc3BvbnNpdmUtaXRlbSUyQyUwQS5lbWJlZC1yZXNwb25zaXZlJTIwaWZyYW1lJTJDJTBBLmVtYmVkLXJlc3BvbnNpdmUlMjBlbWJlZCUyQyUwQS5lbWJlZC1yZXNwb25zaXZlJTIwb2JqZWN0JTJDJTBBLmVtYmVkLXJlc3BvbnNpdmUlMjB2aWRlbyUyMCU3QiUwQSUyMCUyMHBvc2l0aW9uJTNBJTIwYWJzb2x1dGUlM0IlMEElMjAlMjB0b3AlM0ElMjAwJTNCJTBBJTIwJTIwbGVmdCUzQSUyMDAlM0IlMEElMjAlMjBib3R0b20lM0ElMjAwJTNCJTBBJTIwJTIwaGVpZ2h0JTNBJTIwMTAwJTI1JTNCJTBBJTIwJTIwd2lkdGglM0ElMjAxMDAlMjUlM0IlMEElMjAlMjBib3JkZXIlM0ElMjAwJTNCJTBBJTdEJTBBLmVtYmVkLXJlc3BvbnNpdmUtMTZieTklMjAlN0IlMEElMjAlMjBwYWRkaW5nLWJvdHRvbSUzQSUyMDU2LjI1JTI1JTNCJTBBJTdEJTBBJTNDJTJGc3R5bGUlM0UlMEElM0NkaXYlMjBzdHlsZSUzRCUyMm1heC1oZWlnaHQlM0E2MDBweCUzQiUyMG92ZXJmbG93JTNBaGlkZGVuJTNCJTIyJTNFJTBBJTNDZGl2JTIwY2xhc3MlM0QlMjJlbWJlZC1yZXNwb25zaXZlJTIwZW1iZWQtcmVzcG9uc2l2ZS0xNmJ5OSUyMiUzRSUwQSUyMCUyMCUzQ2lmcmFtZSUyMGNsYXNzJTNEJTIyZW1iZWQtcmVzcG9uc2l2ZS1pdGVtJTIyJTIwc3JjJTNEJTIyaHR0cHMlM0ElMkYlMkZ3d3cuZ29vZ2xlLmNvbSUyRm1hcHMlMkZlbWJlZCUzRnBiJTNEJTIxMW0xNCUyMTFtOCUyMTFtMyUyMTFkMjA1NC40NDk2NTAwODE0MjI1JTIxMmQtMi45MjkxOTI4MjUzMzM5NDc0JTIxM2Q0My4yNjMzNTQ4ODk3NDE4NCUyMTNtMiUyMTFpMTAyNCUyMTJpNzY4JTIxNGYxMy4xJTIxM20zJTIxMW0yJTIxMXMweDAlMjUzQTB4Yjk0YTIyNGJkNzkxYTZkYiUyMTJzSW5zdGl0dXRvJTJCVmFzY28lMkJEZSUyQkxvZyUyNUMzJTI1QURzdGljYSUyMTVlMCUyMTNtMiUyMTFzZXMlMjEyc2VzJTIxNHYxNDk0NTAwOTA1NzA0JTIyJTNFJTNDJTJGaWZyYW1lJTNFJTBBJTNDJTJGZGl2JTNFJTBBJTNDJTJGZGl2JTNF[\/vc_raw_html]<\/div><\/div><\/div><div class=\"vc_col-sm-6 wpb_column vc_column_container\"><div class=\"vc_column-inner\"><div class=\"wpb_wrapper\">\n\t<div class=\"wpb_text_column \">\n\t\t<div class=\"wpb_wrapper\">\n\t\t\t<h3>Contacte con nosotros<\/h3>\n<p>IVL pone a su disposici\u00f3n diversos medios de comunicaci\u00f3n y contacto para consolidar y mejorar el servicio que presta a sus clientes y usuarios.<\/p>\n\n\t\t<\/div>\n\t<\/div>\n<div role=\"form\" class=\"wpcf7\" id=\"wpcf7-f6478-o1\" lang=\"es-ES\" dir=\"ltr\">\n<div class=\"screen-reader-response\"><p role=\"status\" aria-live=\"polite\" aria-atomic=\"true\"><\/p> <ul><\/ul><\/div>\n<form action=\"\/es\/wp-json\/wp\/v2\/pages\/5991#wpcf7-f6478-o1\" method=\"post\" class=\"wpcf7-form init\" novalidate=\"novalidate\" data-status=\"init\">\n<div style=\"display: none;\">\n<input type=\"hidden\" name=\"_wpcf7\" value=\"6478\" \/>\n<input type=\"hidden\" name=\"_wpcf7_version\" value=\"5.4.2\" \/>\n<input type=\"hidden\" name=\"_wpcf7_locale\" value=\"es_ES\" \/>\n<input type=\"hidden\" name=\"_wpcf7_unit_tag\" value=\"wpcf7-f6478-o1\" \/>\n<input type=\"hidden\" name=\"_wpcf7_container_post\" value=\"0\" \/>\n<input type=\"hidden\" name=\"_wpcf7_posted_data_hash\" value=\"\" \/>\n<\/div>\n<p><label> Nombre (requerido)<br \/>\n    <span class=\"wpcf7-form-control-wrap your-name\"><input type=\"text\" name=\"your-name\" value=\"\" size=\"40\" class=\"wpcf7-form-control wpcf7-text wpcf7-validates-as-required\" aria-required=\"true\" aria-invalid=\"false\" \/><\/span> <\/label><\/p>\n<p><label> Tu correo electr\u00f3nico (requerido)<br \/>\n    <span class=\"wpcf7-form-control-wrap your-email\"><input type=\"email\" name=\"your-email\" value=\"\" size=\"40\" class=\"wpcf7-form-control wpcf7-text wpcf7-email wpcf7-validates-as-required wpcf7-validates-as-email\" aria-required=\"true\" aria-invalid=\"false\" \/><\/span> <\/label><\/p>\n<p><label> Asunto<br \/>\n    <span class=\"wpcf7-form-control-wrap your-subject\"><input type=\"text\" name=\"your-subject\" value=\"\" size=\"40\" class=\"wpcf7-form-control wpcf7-text\" aria-invalid=\"false\" \/><\/span> <\/label><\/p>\n<p><label> Mensaje<br \/>\n    <span class=\"wpcf7-form-control-wrap your-message\"><textarea name=\"your-message\" cols=\"40\" rows=\"10\" class=\"wpcf7-form-control wpcf7-textarea\" aria-invalid=\"false\"><\/textarea><\/span> <\/label><\/p>\n<p><input type=\"submit\" value=\"Enviar\" class=\"wpcf7-form-control wpcf7-submit\" \/><\/p>\n<p><span class=\"wpcf7-form-control-wrap acceptance-962\"><span class=\"wpcf7-form-control wpcf7-acceptance\"><span class=\"wpcf7-list-item\"><input type=\"checkbox\" name=\"acceptance-962\" value=\"1\" aria-invalid=\"false\" \/><\/span><\/span><\/span> Informaci\u00f3n b\u00e1sica de protecci\u00f3n de datos.<br \/>\n<label> Resposable:  INSTITUTO VASCO DE LOGISTICA Y MOVILIDAD SOSTENIBLE<br \/>\nFinalidad: Gesti\u00f3n de consultas<br \/>\nLegitimaci\u00f3n: Consentimiento del interesado<br \/>\nDestinatarios: No se producen cesiones a terceros.<br \/>\nDerechos:Acceder, rectificar y suprimir los datos, as\u00ed como otros derechos, como se explica en la informaci\u00f3n adicional<br \/>\nInformaci\u00f3n adicional: Puede consultar la informaci\u00f3n adicional y detallada sobre Protecci\u00f3n de datos en nuestro Aviso Legal<\/p>\n<div class=\"wpcf7-response-output\" aria-hidden=\"true\"><\/div><\/form><\/div><\/div><\/div><\/div><\/div><\/div><\/section>\n","protected":false},"excerpt":{"rendered":"Text Block Add any content element into this footer section via Visual Composer. Also you can change sizes, colors, background image of all footer sections. Goodbuy unconvenient widget-oriented content of...","protected":false},"author":1,"featured_media":0,"parent":0,"menu_order":0,"comment_status":"closed","ping_status":"closed","template":"","meta":{"footnotes":""},"class_list":["post-5991","page","type-page","status-publish","hentry"],"yoast_head":"<!-- This site is optimized with the Yoast SEO plugin v18.0 - https:\/\/yoast.com\/wordpress\/plugins\/seo\/ -->\n<meta name=\"robots\" content=\"index, follow, max-snippet:-1, max-image-preview:large, max-video-preview:-1\" \/>\n<link rel=\"canonical\" href=\"https:\/\/www.ivlogistica.com\/es\/contacto\/\" \/>\n<meta property=\"og:locale\" content=\"es_ES\" \/>\n<meta property=\"og:type\" content=\"article\" \/>\n<meta property=\"og:title\" content=\"CONTACTO - IVL\" \/>\n<meta property=\"og:url\" content=\"https:\/\/www.ivlogistica.com\/es\/contacto\/\" \/>\n<meta property=\"og:site_name\" content=\"IVL\" \/>\n<meta property=\"article:modified_time\" content=\"2023-04-17T09:49:44+00:00\" \/>\n<meta name=\"twitter:card\" content=\"summary\" \/>\n<meta name=\"twitter:label1\" content=\"Tiempo de lectura\" \/>\n\t<meta name=\"twitter:data1\" content=\"2 minutos\" \/>\n<script type=\"application\/ld+json\" class=\"yoast-schema-graph\">{\"@context\":\"https:\/\/schema.org\",\"@graph\":[{\"@type\":\"WebSite\",\"@id\":\"https:\/\/www.ivlogistica.com\/es\/#website\",\"url\":\"https:\/\/www.ivlogistica.com\/es\/\",\"name\":\"IVL\",\"description\":\"Instituto Vasco de Log\u00edstica\",\"potentialAction\":[{\"@type\":\"SearchAction\",\"target\":{\"@type\":\"EntryPoint\",\"urlTemplate\":\"https:\/\/www.ivlogistica.com\/es\/?s={search_term_string}\"},\"query-input\":\"required name=search_term_string\"}],\"inLanguage\":\"es\"},{\"@type\":\"WebPage\",\"@id\":\"https:\/\/www.ivlogistica.com\/es\/contacto\/#webpage\",\"url\":\"https:\/\/www.ivlogistica.com\/es\/contacto\/\",\"name\":\"CONTACTO - IVL\",\"isPartOf\":{\"@id\":\"https:\/\/www.ivlogistica.com\/es\/#website\"},\"datePublished\":\"2017-04-24T11:07:38+00:00\",\"dateModified\":\"2023-04-17T09:49:44+00:00\",\"breadcrumb\":{\"@id\":\"https:\/\/www.ivlogistica.com\/es\/contacto\/#breadcrumb\"},\"inLanguage\":\"es\",\"potentialAction\":[{\"@type\":\"ReadAction\",\"target\":[\"https:\/\/www.ivlogistica.com\/es\/contacto\/\"]}]},{\"@type\":\"BreadcrumbList\",\"@id\":\"https:\/\/www.ivlogistica.com\/es\/contacto\/#breadcrumb\",\"itemListElement\":[{\"@type\":\"ListItem\",\"position\":1,\"name\":\"Portada\",\"item\":\"https:\/\/www.ivlogistica.com\/es\/\"},{\"@type\":\"ListItem\",\"position\":2,\"name\":\"CONTACTO\"}]}]}<\/script>\n<!-- \/ Yoast SEO plugin. -->","yoast_head_json":{"robots":{"index":"index","follow":"follow","max-snippet":"max-snippet:-1","max-image-preview":"max-image-preview:large","max-video-preview":"max-video-preview:-1"},"canonical":"https:\/\/www.ivlogistica.com\/es\/contacto\/","og_locale":"es_ES","og_type":"article","og_title":"CONTACTO - IVL","og_url":"https:\/\/www.ivlogistica.com\/es\/contacto\/","og_site_name":"IVL","article_modified_time":"2023-04-17T09:49:44+00:00","twitter_card":"summary","twitter_misc":{"Tiempo de lectura":"2 minutos"},"schema":{"@context":"https:\/\/schema.org","@graph":[{"@type":"WebSite","@id":"https:\/\/www.ivlogistica.com\/es\/#website","url":"https:\/\/www.ivlogistica.com\/es\/","name":"IVL","description":"Instituto Vasco de Log\u00edstica","potentialAction":[{"@type":"SearchAction","target":{"@type":"EntryPoint","urlTemplate":"https:\/\/www.ivlogistica.com\/es\/?s={search_term_string}"},"query-input":"required name=search_term_string"}],"inLanguage":"es"},{"@type":"WebPage","@id":"https:\/\/www.ivlogistica.com\/es\/contacto\/#webpage","url":"https:\/\/www.ivlogistica.com\/es\/contacto\/","name":"CONTACTO - IVL","isPartOf":{"@id":"https:\/\/www.ivlogistica.com\/es\/#website"},"datePublished":"2017-04-24T11:07:38+00:00","dateModified":"2023-04-17T09:49:44+00:00","breadcrumb":{"@id":"https:\/\/www.ivlogistica.com\/es\/contacto\/#breadcrumb"},"inLanguage":"es","potentialAction":[{"@type":"ReadAction","target":["https:\/\/www.ivlogistica.com\/es\/contacto\/"]}]},{"@type":"BreadcrumbList","@id":"https:\/\/www.ivlogistica.com\/es\/contacto\/#breadcrumb","itemListElement":[{"@type":"ListItem","position":1,"name":"Portada","item":"https:\/\/www.ivlogistica.com\/es\/"},{"@type":"ListItem","position":2,"name":"CONTACTO"}]}]}},"_links":{"self":[{"href":"https:\/\/www.ivlogistica.com\/es\/wp-json\/wp\/v2\/pages\/5991"}],"collection":[{"href":"https:\/\/www.ivlogistica.com\/es\/wp-json\/wp\/v2\/pages"}],"about":[{"href":"https:\/\/www.ivlogistica.com\/es\/wp-json\/wp\/v2\/types\/page"}],"author":[{"embeddable":true,"href":"https:\/\/www.ivlogistica.com\/es\/wp-json\/wp\/v2\/users\/1"}],"replies":[{"embeddable":true,"href":"https:\/\/www.ivlogistica.com\/es\/wp-json\/wp\/v2\/comments?post=5991"}],"version-history":[{"count":83,"href":"https:\/\/www.ivlogistica.com\/es\/wp-json\/wp\/v2\/pages\/5991\/revisions"}],"predecessor-version":[{"id":7837,"href":"https:\/\/www.ivlogistica.com\/es\/wp-json\/wp\/v2\/pages\/5991\/revisions\/7837"}],"wp:attachment":[{"href":"https:\/\/www.ivlogistica.com\/es\/wp-json\/wp\/v2\/media?parent=5991"}],"curies":[{"name":"wp","href":"https:\/\/api.w.org\/{rel}","templated":true}]}}