{"id":6279,"date":"2017-05-11T07:24:03","date_gmt":"2017-05-11T07:24:03","guid":{"rendered":"http:\/\/ivlogistica.com\/es\/?page_id=6279"},"modified":"2022-06-16T14:05:33","modified_gmt":"2022-06-16T12:05:33","slug":"cursos-de-logistica-especializados","status":"publish","type":"page","link":"https:\/\/www.ivlogistica.com\/es\/cursos-de-logistica-especializados\/","title":{"rendered":"Cursos Especializados"},"content":{"rendered":"<section class=\"l-section wpb_row height_small\"><div class=\"l-section-h i-cf\"><div class=\"g-cols type_default valign_top\"><div class=\"vc_col-sm-12 wpb_column vc_column_container\"><div class=\"vc_column-inner\"><div class=\"wpb_wrapper\"><\/div><\/div><\/div><\/div><\/div><\/section><section class=\"l-section wpb_row height_medium color_alternate\"><div class=\"l-section-h i-cf\"><div class=\"g-cols type_default valign_top\"><div class=\"vc_col-sm-4 wpb_column vc_column_container\"><div class=\"vc_column-inner\"><div class=\"wpb_wrapper\">[vc_custom_heading text=\u00bbGesti\u00f3n Integral de Compras\u00bb font_container=\u00bbtag:h3|font_size:35px|text_align:center\u00bb use_theme_fonts=\u00bbyes\u00bb]<\/div><\/div><\/div><div class=\"vc_col-sm-4 wpb_column vc_column_container\"><div class=\"vc_column-inner\"><div class=\"wpb_wrapper\">[vc_custom_heading text=\u00bbGesti\u00f3n Integral de Almacenes\u00bb font_container=\u00bbtag:h2|font_size:35px|text_align:center\u00bb use_theme_fonts=\u00bbyes\u00bb]<div class=\"w-separator type_fullwidth size_medium thick_1 style_solid color_border cont_icon\"><span class=\"w-separator-h\"><i class=\"fa fa-star\"><\/i><\/span><\/div><\/div><\/div><\/div><div class=\"vc_col-sm-4 wpb_column vc_column_container\"><div class=\"vc_column-inner\"><div class=\"wpb_wrapper\">[vc_custom_heading text=\u00bbComercio Internacional\u00bb font_container=\u00bbtag:h2|font_size:35px|text_align:center\u00bb use_theme_fonts=\u00bbyes\u00bb]<\/div><\/div><\/div><\/div><\/div><\/section><section class=\"l-section wpb_row height_medium color_primary\"><div class=\"l-section-h i-cf\"><div class=\"g-cols type_default valign_top\"><div class=\"vc_col-sm-4 wpb_column vc_column_container\"><div class=\"vc_column-inner\"><div class=\"wpb_wrapper\">[vc_custom_heading text=\u00bb40h\u00bb font_container=\u00bbtag:h3|font_size:35px|text_align:center\u00bb use_theme_fonts=\u00bbyes\u00bb]<\/div><\/div><\/div><div class=\"vc_col-sm-4 wpb_column vc_column_container\"><div class=\"vc_column-inner\"><div class=\"wpb_wrapper\">[vc_custom_heading text=\u00bb50h\u00bb font_container=\u00bbtag:h3|font_size:35px|text_align:center\u00bb use_theme_fonts=\u00bbyes\u00bb]<\/div><\/div><\/div><div class=\"vc_col-sm-4 wpb_column vc_column_container\"><div class=\"vc_column-inner\"><div class=\"wpb_wrapper\">[vc_custom_heading text=\u00bb58 h\u00bb font_container=\u00bbtag:h2|font_size:35px|text_align:center\u00bb use_theme_fonts=\u00bbyes\u00bb]<\/div><\/div><\/div><\/div><\/div><\/section><section class=\"l-section wpb_row height_medium color_custom with_img parallax_ver with_overlay\" style=\" color: #ffffff;\"><div class=\"l-section-img\" style=\"background-image: url(https:\/\/www.ivlogistica.com\/es\/wp-content\/uploads\/2017\/05\/libros.jpg);background-size: contain;\" data-img-width=\"1024\" data-img-height=\"450\"><\/div><div class=\"l-section-overlay\" style=\"background-color: rgba(10,10,10,0.74)\"><\/div><div class=\"l-section-h i-cf\"><div class=\"g-cols type_default valign_top\"><div class=\"vc_col-sm-4 wpb_column vc_column_container\"><div class=\"vc_column-inner\"><div class=\"wpb_wrapper\"><div class=\"w-iconbox iconpos_top style_default color_custom no_text\"><div class=\"w-iconbox-icon\" style=\"background-color:#ffffff;box-shadow: 0 0 0 2px #ffffff inset;color:#ffffff;\"><i class=\"fa fa-calendar\"><\/i><\/div><h4 class=\"w-iconbox-title\">Octubre de 2022<\/h4><\/div><\/div><\/div><\/div><div class=\"vc_col-sm-4 wpb_column vc_column_container\"><div class=\"vc_column-inner\"><div class=\"wpb_wrapper\"><div class=\"w-iconbox iconpos_top style_default color_custom no_text\"><div class=\"w-iconbox-icon\" style=\"background-color:#ffffff;box-shadow: 0 0 0 2px #ffffff inset;color:#ffffff;\"><i class=\"fa fa-calendar\"><\/i><\/div><h4 class=\"w-iconbox-title\">Noviembre de 2022<\/h4><\/div><\/div><\/div><\/div><div class=\"vc_col-sm-4 wpb_column vc_column_container\"><div class=\"vc_column-inner\"><div class=\"wpb_wrapper\"><div class=\"w-iconbox iconpos_top style_default color_custom no_text\"><div class=\"w-iconbox-icon\" style=\"background-color:#ffffff;box-shadow: 0 0 0 2px #ffffff inset;color:#ffffff;\"><i class=\"fa fa-calendar\"><\/i><\/div><h4 class=\"w-iconbox-title\">Mayo 2021<\/h4><\/div><\/div><\/div><\/div><\/div><\/div><\/section>\n","protected":false},"excerpt":{"rendered":"Text Block Add any content element into this footer section via Visual Composer. Also you can change sizes, colors, background image of all footer sections. Goodbuy unconvenient widget-oriented content of...","protected":false},"author":1,"featured_media":0,"parent":0,"menu_order":0,"comment_status":"closed","ping_status":"closed","template":"","meta":{"footnotes":""},"class_list":["post-6279","page","type-page","status-publish","hentry"],"yoast_head":"<!-- This site is optimized with the Yoast SEO plugin v18.0 - https:\/\/yoast.com\/wordpress\/plugins\/seo\/ -->\n<meta name=\"description\" content=\"Realizamos cursos de log\u00edstica especializados. Consulta nuestro calendario y si tienes inter\u00e9s en alguno concreto, contacta y te informaremos.\" \/>\n<meta name=\"robots\" content=\"index, follow, max-snippet:-1, max-image-preview:large, max-video-preview:-1\" \/>\n<link rel=\"canonical\" href=\"https:\/\/www.ivlogistica.com\/es\/cursos-de-logistica-especializados\/\" \/>\n<meta property=\"og:locale\" content=\"es_ES\" \/>\n<meta property=\"og:type\" content=\"article\" \/>\n<meta property=\"og:title\" content=\"Cursos de log\u00edstica especializados\" \/>\n<meta property=\"og:description\" content=\"Realizamos cursos de log\u00edstica especializados. Consulta nuestro calendario y si tienes inter\u00e9s en alguno concreto, contacta y te informaremos.\" \/>\n<meta property=\"og:url\" content=\"https:\/\/www.ivlogistica.com\/es\/cursos-de-logistica-especializados\/\" \/>\n<meta property=\"og:site_name\" content=\"IVL\" \/>\n<meta property=\"article:modified_time\" content=\"2022-06-16T12:05:33+00:00\" \/>\n<meta name=\"twitter:card\" content=\"summary\" \/>\n<meta name=\"twitter:label1\" content=\"Tiempo de lectura\" \/>\n\t<meta name=\"twitter:data1\" content=\"1 minuto\" \/>\n<script type=\"application\/ld+json\" class=\"yoast-schema-graph\">{\"@context\":\"https:\/\/schema.org\",\"@graph\":[{\"@type\":\"WebSite\",\"@id\":\"https:\/\/www.ivlogistica.com\/es\/#website\",\"url\":\"https:\/\/www.ivlogistica.com\/es\/\",\"name\":\"IVL\",\"description\":\"Instituto Vasco de Log\u00edstica\",\"potentialAction\":[{\"@type\":\"SearchAction\",\"target\":{\"@type\":\"EntryPoint\",\"urlTemplate\":\"https:\/\/www.ivlogistica.com\/es\/?s={search_term_string}\"},\"query-input\":\"required name=search_term_string\"}],\"inLanguage\":\"es\"},{\"@type\":\"WebPage\",\"@id\":\"https:\/\/www.ivlogistica.com\/es\/cursos-de-logistica-especializados\/#webpage\",\"url\":\"https:\/\/www.ivlogistica.com\/es\/cursos-de-logistica-especializados\/\",\"name\":\"Cursos de log\u00edstica especializados\",\"isPartOf\":{\"@id\":\"https:\/\/www.ivlogistica.com\/es\/#website\"},\"datePublished\":\"2017-05-11T07:24:03+00:00\",\"dateModified\":\"2022-06-16T12:05:33+00:00\",\"description\":\"Realizamos cursos de log\u00edstica especializados. Consulta nuestro calendario y si tienes inter\u00e9s en alguno concreto, contacta y te informaremos.\",\"breadcrumb\":{\"@id\":\"https:\/\/www.ivlogistica.com\/es\/cursos-de-logistica-especializados\/#breadcrumb\"},\"inLanguage\":\"es\",\"potentialAction\":[{\"@type\":\"ReadAction\",\"target\":[\"https:\/\/www.ivlogistica.com\/es\/cursos-de-logistica-especializados\/\"]}]},{\"@type\":\"BreadcrumbList\",\"@id\":\"https:\/\/www.ivlogistica.com\/es\/cursos-de-logistica-especializados\/#breadcrumb\",\"itemListElement\":[{\"@type\":\"ListItem\",\"position\":1,\"name\":\"Portada\",\"item\":\"https:\/\/www.ivlogistica.com\/es\/\"},{\"@type\":\"ListItem\",\"position\":2,\"name\":\"Cursos Especializados\"}]}]}<\/script>\n<!-- \/ Yoast SEO plugin. -->","yoast_head_json":{"description":"Realizamos cursos de log\u00edstica especializados. Consulta nuestro calendario y si tienes inter\u00e9s en alguno concreto, contacta y te informaremos.","robots":{"index":"index","follow":"follow","max-snippet":"max-snippet:-1","max-image-preview":"max-image-preview:large","max-video-preview":"max-video-preview:-1"},"canonical":"https:\/\/www.ivlogistica.com\/es\/cursos-de-logistica-especializados\/","og_locale":"es_ES","og_type":"article","og_title":"Cursos de log\u00edstica especializados","og_description":"Realizamos cursos de log\u00edstica especializados. Consulta nuestro calendario y si tienes inter\u00e9s en alguno concreto, contacta y te informaremos.","og_url":"https:\/\/www.ivlogistica.com\/es\/cursos-de-logistica-especializados\/","og_site_name":"IVL","article_modified_time":"2022-06-16T12:05:33+00:00","twitter_card":"summary","twitter_misc":{"Tiempo de lectura":"1 minuto"},"schema":{"@context":"https:\/\/schema.org","@graph":[{"@type":"WebSite","@id":"https:\/\/www.ivlogistica.com\/es\/#website","url":"https:\/\/www.ivlogistica.com\/es\/","name":"IVL","description":"Instituto Vasco de Log\u00edstica","potentialAction":[{"@type":"SearchAction","target":{"@type":"EntryPoint","urlTemplate":"https:\/\/www.ivlogistica.com\/es\/?s={search_term_string}"},"query-input":"required name=search_term_string"}],"inLanguage":"es"},{"@type":"WebPage","@id":"https:\/\/www.ivlogistica.com\/es\/cursos-de-logistica-especializados\/#webpage","url":"https:\/\/www.ivlogistica.com\/es\/cursos-de-logistica-especializados\/","name":"Cursos de log\u00edstica especializados","isPartOf":{"@id":"https:\/\/www.ivlogistica.com\/es\/#website"},"datePublished":"2017-05-11T07:24:03+00:00","dateModified":"2022-06-16T12:05:33+00:00","description":"Realizamos cursos de log\u00edstica especializados. Consulta nuestro calendario y si tienes inter\u00e9s en alguno concreto, contacta y te informaremos.","breadcrumb":{"@id":"https:\/\/www.ivlogistica.com\/es\/cursos-de-logistica-especializados\/#breadcrumb"},"inLanguage":"es","potentialAction":[{"@type":"ReadAction","target":["https:\/\/www.ivlogistica.com\/es\/cursos-de-logistica-especializados\/"]}]},{"@type":"BreadcrumbList","@id":"https:\/\/www.ivlogistica.com\/es\/cursos-de-logistica-especializados\/#breadcrumb","itemListElement":[{"@type":"ListItem","position":1,"name":"Portada","item":"https:\/\/www.ivlogistica.com\/es\/"},{"@type":"ListItem","position":2,"name":"Cursos Especializados"}]}]}},"_links":{"self":[{"href":"https:\/\/www.ivlogistica.com\/es\/wp-json\/wp\/v2\/pages\/6279"}],"collection":[{"href":"https:\/\/www.ivlogistica.com\/es\/wp-json\/wp\/v2\/pages"}],"about":[{"href":"https:\/\/www.ivlogistica.com\/es\/wp-json\/wp\/v2\/types\/page"}],"author":[{"embeddable":true,"href":"https:\/\/www.ivlogistica.com\/es\/wp-json\/wp\/v2\/users\/1"}],"replies":[{"embeddable":true,"href":"https:\/\/www.ivlogistica.com\/es\/wp-json\/wp\/v2\/comments?post=6279"}],"version-history":[{"count":51,"href":"https:\/\/www.ivlogistica.com\/es\/wp-json\/wp\/v2\/pages\/6279\/revisions"}],"predecessor-version":[{"id":7379,"href":"https:\/\/www.ivlogistica.com\/es\/wp-json\/wp\/v2\/pages\/6279\/revisions\/7379"}],"wp:attachment":[{"href":"https:\/\/www.ivlogistica.com\/es\/wp-json\/wp\/v2\/media?parent=6279"}],"curies":[{"name":"wp","href":"https:\/\/api.w.org\/{rel}","templated":true}]}}