{"id":6477,"date":"2017-05-15T07:46:09","date_gmt":"2017-05-15T07:46:09","guid":{"rendered":"http:\/\/ivlogistica.com\/es\/?page_id=6477"},"modified":"2022-06-28T12:00:08","modified_gmt":"2022-06-28T10:00:08","slug":"aviso-legal","status":"publish","type":"page","link":"https:\/\/www.ivlogistica.com\/es\/aviso-legal\/","title":{"rendered":"Aviso legal"},"content":{"rendered":"<section class=\"l-section wpb_row height_medium\"><div class=\"l-section-h i-cf\"><div class=\"g-cols type_default valign_top\"><div class=\"vc_col-sm-12 wpb_column vc_column_container\"><div class=\"vc_column-inner\"><div class=\"wpb_wrapper\">\n\t<div class=\"wpb_text_column \">\n\t\t<div class=\"wpb_wrapper\">\n\t\t\t<p>En cumplimiento de la Ley 34\/2002, de 11 de julio, de servicios de la sociedad de la informaci\u00f3n y de comercio electr\u00f3nico (LSSI), le informamos de que:<\/p>\n<p><strong>INSTITUTO VASCO DE LOG\u00cdSTICA Y MOVILIDAD SOSTENIBLE (en adelante INSTITUTO VASCO DE LOG\u00cdSTICA Y MOVILIDAD SOSTENIBLE) <\/strong>.<\/p>\n<p>Su CIF es G01165398 y tiene su domicilio en Plazuela San Nicolas, 3, 3\u00aa planta 48005 Bilbao. Consta inscrita en el Registro de Asociaciones del Pa\u00eds Vasco con fecha 14 de Diciembre de 1994 con el n\u00famero AS\/A\/05005\/1994.<\/p>\n<p><strong>Datos de contacto:<\/strong><\/p>\n<p><strong>Tel\u00e9fono: <\/strong>: 94.438.71.94<\/p>\n<p><strong>E-mail: <\/strong>ivl@ivlogistica.com<\/p>\n<p><strong>\u00a0<\/strong><\/p>\n<p><strong><u>Condiciones generales de uso del sitio web INSTITUTO VASCO DE LOG\u00cdSTICA Y MOVILIDAD SOSTENIBLE<\/u><\/strong><\/p>\n<p>El nombre de dominio www.ivlogistica.com\/es\/ es titularidad de y su uso exclusivo est\u00e1 reservado a \u00e9ste.<\/p>\n<p>El portal oficial de www.ivlogistica.com\/es\/, tiene por objeto facilitar al p\u00fablico, en general, el conocimiento de las actividades que esta Organizaci\u00f3n realiza y de los productos y servicios que presta en materia de formaci\u00f3n log\u00edstica.<\/p>\n<p>El uso de este sitio Web implica la expresa y plena aceptaci\u00f3n de las condiciones aqu\u00ed expuestas, sin perjuicio de aquellas particulares que pudieran aplicarse a algunos de los productos o servicios concretos ofrecidos a trav\u00e9s del sitio Web.<\/p>\n<p>INSTITUTO VASCO DE LOG\u00cdSTICA Y MOVILIDAD SOSTENIBLE se reserva la facultad de efectuar, en cualquier momento y sin necesidad de previo aviso, modificaciones y actualizaciones de la informaci\u00f3n contenida en su Web o en la configuraci\u00f3n y presentaci\u00f3n de \u00e9sta.<\/p>\n<p>Con objeto de mantener actualizada la informaci\u00f3n publicada en el portal, los contenidos del mismo podr\u00e1n ser modificados, corregidos, eliminados o a\u00f1adidos en cualquier momento, por lo que ser\u00e1 conveniente comprobar la vigencia o exactitud de los mismos acudiendo a las fuentes oficiales.<\/p>\n<p><strong>\u00a0<\/strong><\/p>\n<p><strong><u>Propiedad intelectual, industrial y frames<\/u><\/strong><\/p>\n<p>Todos los elementos que forman el sitio Web, as\u00ed como su estructura, dise\u00f1o, c\u00f3digo fuente, as\u00ed como los logos, marcas y dem\u00e1s signos distintivos que aparecen en la misma, son titularidad de INSTITUTO VASCO DE LOG\u00cdSTICA Y MOVILIDAD SOSTENIBLE o de sus colaboradores y est\u00e1n protegidos por los correspondientes derechos de propiedad intelectual e industrial.<\/p>\n<p>Igualmente est\u00e1n protegidos por los correspondientes derechos de propiedad intelectual e industrial las im\u00e1genes y otros elementos gr\u00e1ficos contenidos en los portales.<\/p>\n<p>INSTITUTO VASCO DE LOG\u00cdSTICA Y MOVILIDAD SOSTENIBLE proh\u00edbe expresamente la realizaci\u00f3n de \u201cframings\u201d o la utilizaci\u00f3n por parte de terceros de cualesquiera otros mecanismos que alteren el dise\u00f1o, configuraci\u00f3n original o contenidos de nuestros portales.<\/p>\n<p>El uso de los contenidos deber\u00e1 respetar su licenciamiento particular. De tal modo su uso, reproducci\u00f3n, distribuci\u00f3n, comunicaci\u00f3n p\u00fablica, transformaci\u00f3n o cualquier otra actividad similar o an\u00e1loga, queda totalmente prohibida salvo que medie previa y expresa autorizaci\u00f3n de INSTITUTO VASCO DE LOG\u00cdSTICA Y MOVILIDAD SOSTENIBLE.<\/p>\n<p>Respecto a las citas de noticias, productos y servicios de terceros, que puedan aparecer en la Web, INSTITUTO VASCO DE LOG\u00cdSTICA Y MOVILIDAD SOSTENIBLE reconoce a favor de sus titulares los correspondientes derechos de propiedad industrial e intelectual, no implicando su sola menci\u00f3n o aparici\u00f3n en la Web la existencia de derechos ni de responsabilidad alguna sobre los mismos, como tampoco respaldo, patrocinio o recomendaci\u00f3n.<\/p>\n<p>INSTITUTO VASCO DE LOG\u00cdSTICA Y MOVILIDAD SOSTENIBLE declara su respeto a los derechos de propiedad intelectual e industrial de terceros; por ello, si considera que nuestros portales pudieran estar violando sus derechos, rogamos se ponga en contacto con INSTITUTO VASCO DE LOG\u00cdSTICA Y MOVILIDAD SOSTENIBLE.<\/p>\n<p><strong>\u00a0<\/strong><strong><u>Responsabilidad<\/u><\/strong><\/p>\n<p>INSTITUTO VASCO DE LOG\u00cdSTICA Y MOVILIDAD SOSTENIBLE no garantiza la inexistencia de errores en el acceso a la Web, en su contenido, ni que \u00e9ste se encuentre actualizado, aunque INSTITUTO VASCO DE LOG\u00cdSTICA Y MOVILIDAD SOSTENIBLE desarrollar\u00e1 sus mejores esfuerzos para, en su caso, evitarlos, subsanarlos o actualizarlos.<\/p>\n<p>Tanto el acceso a los portales de INSTITUTO VASCO DE LOG\u00cdSTICA Y MOVILIDAD SOSTENIBLE como el uso que pueda hacerse de la informaci\u00f3n contenida en los mismos es de la exclusiva responsabilidad de quien lo realiza.<\/p>\n<p>INSTITUTO VASCO DE LOG\u00cdSTICA Y MOVILIDAD SOSTENIBLE no se hace responsable de los posibles errores de seguridad que se puedan producir ni de los posibles da\u00f1os que puedan causarse al sistema inform\u00e1tico del Usuario (<em>hardware <\/em>y <em>software<\/em>), los ficheros o documentos almacenados en el mismo, como consecuencia de la presencia de virus en el ordenador del Usuario utilizado para la conexi\u00f3n a los servicios y contenidos de la Web, de un mal funcionamiento del navegador o del uso de versiones no actualizadas del mismo.<\/p>\n<p>INSTITUTO VASCO DE LOG\u00cdSTICA Y MOVILIDAD SOSTENIBLE no se hace responsable de la informaci\u00f3n y contenidos almacenados, a t\u00edtulo enunciativo pero no limitativo, en foros, chats, blogs, comentarios, redes sociales o cualesquiera otro medio que permita a terceros publicar contenidos de forma independiente en la p\u00e1gina web de INSTITUTO VASCO DE LOG\u00cdSTICA Y MOVILIDAD SOSTENIBLE.<\/p>\n<p>No obstante y en cumplimiento de lo dispuesto en la LSSI, INSTITUTO VASCO DE LOG\u00cdSTICA Y MOVILIDAD SOSTENIBLE se pone a disposici\u00f3n de todos los usuarios, autoridades y fuerzas de seguridad, y colaborando de forma activa en la retirada o en su caso bloqueo de todos aquellos contenidos que pudieran afectar o contravenir la legislaci\u00f3n nacional, o internacional, derechos de terceros o la moral y el orden p\u00fablico. En caso de que el usuario considere que existe en el sitio web alg\u00fan contenido que pudiera ser susceptible de esta clasificaci\u00f3n, rogamos se ponga en contacto con INSTITUTO VASCO DE LOG\u00cdSTICA Y MOVILIDAD SOSTENIBLE.<\/p>\n<p><strong><u>Links o hiperenlaces<\/u><\/strong><\/p>\n<p>La Web puede contener enlaces a contenidos que dirijan a contenidos Web de terceros. El objetivo de dichos enlaces es \u00fanicamente facilitarle la b\u00fasqueda de los recursos que le puedan interesar a trav\u00e9s de Internet. No obstante, dichas p\u00e1ginas no pertenecen a INSTITUTO VASCO DE LOG\u00cdSTICA Y MOVILIDAD SOSTENIBLE, ni hace una revisi\u00f3n de sus contenidos y, por ello, INSTITUTO VASCO DE LOG\u00cdSTICA Y MOVILIDAD SOSTENIBLE no asume ninguna responsabilidad por el contenido, informaciones o servicios que pudieran aparecer en dichos sitios, que tendr\u00e1n exclusivamente car\u00e1cter informativo y que en ning\u00fan caso implican relaci\u00f3n alguna entre INSTITUTO VASCO DE<\/p>\n<p>LOG\u00cdSTICA Y MOVILIDAD SOSTENIBLE y a las personas o entidades titulares de tales contenidos o titulares de los sitios donde se encuentren. INSTITUTO VASCO DE LOG\u00cdSTICA Y MOVILIDAD SOSTENIBLE tampoco puede hacerse responsable del funcionamiento de la p\u00e1gina enlazada o de los posibles da\u00f1os que puedan derivarse del acceso o uso de la misma.<\/p>\n<p>Los enlaces a la web de INSTITUTO VASCO DE LOG\u00cdSTICA Y MOVILIDAD SOSTENIBLE deber\u00e1n respetar las siguientes condiciones:<\/p>\n<ol>\n<li>El establecimiento del enlace no supondr\u00e1 <em>per se <\/em>ning\u00fan tipo de acuerdo, contrato, patrocinio ni recomendaci\u00f3n por parte de INSTITUTO VASCO DE LOG\u00cdSTICA Y MOVILIDAD SOSTENIBLE de la p\u00e1gina que realiza el enlace.<\/li>\n<li>La p\u00e1gina web en la que se establezca el hiperenlace no contendr\u00e1 informaciones con contenidos que sean il\u00edcitos, discriminatorios, contrarios a los principios \u00e9ticos com\u00fanmente aceptados o atenten contra el orden p\u00fablico, as\u00ed como tampoco contendr\u00e1 contenidos contrarios a cualesquiera derechos de terceros.<\/li>\n<li>INSTITUTO VASCO DE LOG\u00cdSTICA Y MOVILIDAD SOSTENIBLE podr\u00e1 solicitar que se retire un enlace a su web, sin necesidad de alegar causa alguna. En tal caso, la p\u00e1gina que haya realizado el enlace deber\u00e1 proceder a su inmediata supresi\u00f3n, tan pronto como reciba la notificaci\u00f3n<\/li>\n<\/ol>\n<p>INSTITUTO VASCO DE LOG\u00cdSTICA Y MOVILIDAD SOSTENIBLE. No se responsabiliza en modo alguno ni garantiza la calidad, exactitud, fiabilidad, correcci\u00f3n o moralidad de contenidos o servicios que el establecimiento del hiperenlace pueda ofrecer. El usuario asume bajo su exclusiva responsabilidad las consecuencias, da\u00f1os o acciones que pudieran derivarse del acceso a la p\u00e1gina web del hiperenlace.<\/p>\n<p><strong><u>Protecci\u00f3n de Datos Personales<\/u><\/strong><\/p>\n<p>INSTITUTO VASCO DE LOG\u00cdSTICA Y MOVILIDAD SOSTENIBLE se encuentra profundamente comprometido con el cumplimiento de la normativa de protecci\u00f3n de datos de car\u00e1cter personal, y garantiza el cumplimiento \u00edntegro de las obligaciones dispuestas, as\u00ed como la implementaci\u00f3n de las medidas de seguridad apropiadas para garantizar un nivel de seguridad adecuado al riesgo.<\/p>\n<p>INSTITUTO VASCO DE LOG\u00cdSTICA Y MOVILIDAD SOSTENIBLE pone a disposici\u00f3n de los usuarios su Pol\u00edtica de Privacidad, y le ofrece informaci\u00f3n ampliada del tratamiento de datos realizado a trav\u00e9s del formulario web de <a href=\"http:\/\/www.ivlogistica.com\/es\/\">www.ivlogistica.com\/es\/<\/a>:<\/p>\n<p><strong>INFORMACI\u00d3N ADICIONAL SOBRE PROTECCI\u00d3N DE DATOS \u2013 FORMULARIO WEB<\/strong><\/p>\n<p><strong>\u00bfQui\u00e9n es el Responsable del tratamiento de sus datos?<\/strong><\/p>\n<p>Identidad: INSTITUTO VASCO DE LOG\u00cdSTICA Y MOVILIDAD SOSTENIBLE- G01165398<\/p>\n<p>Domicilio: Plazuela San Nicolas, 3, 3\u00aa planta 48005 Bilbao.<\/p>\n<p><em>Tel\u00e9fono<\/em>: 94.438.71.94<\/p>\n<p><em>Correo electr\u00f3nico: <\/em>ivl@ivlogistica.com<\/p>\n<p><strong>\u00bfCon qu\u00e9 finalidad tratamos sus datos personales?<\/strong><\/p>\n<p>En IVL tratamos la informaci\u00f3n que nos facilitan nuestros usuarios para atender sus consultas y comentarios as\u00ed como, en su caso, mantener el contacto para informarle sobre nuestros productos y\/o servicios.<\/p>\n<p><strong>\u00bfPor cu\u00e1nto tiempo conservaremos sus datos?<\/strong><\/p>\n<p>Los datos personales proporcionados se conservar\u00e1n en todo caso mientras exista una relaci\u00f3n comercial, y durante el plazo m\u00e1ximo establecido en Normativa aplicable a partir del fin de \u00e9sta.<\/p>\n<p><strong>\u00bfCu\u00e1l es la legitimaci\u00f3n para el tratamiento de sus datos?<\/strong><\/p>\n<p>La base legal para el tratamiento de sus datos es la prestaci\u00f3n de su consentimiento a trav\u00e9s de la marcaci\u00f3n del checkbox que Vd. podr\u00e1 revocar en cualquier momento.<\/p>\n<p><strong>\u00bfA qu\u00e9 destinatarios se comunicar\u00e1n sus datos?<\/strong><\/p>\n<p>La realizaci\u00f3n de este tratamiento puede implicar la conexi\u00f3n de sus datos con tratamientos realizados por terceros. Le informamos a continuaci\u00f3n de las previsiones en relaci\u00f3n a la cesi\u00f3n de sus datos.<\/p>\n<table>\n<tbody>\n<tr>\n<td width=\"158\"><strong><em>Tratamiento de datos<\/em><\/strong><\/td>\n<td width=\"170\"><strong><em>Previsi\u00f3n de cesiones<\/em><\/strong><\/td>\n<td width=\"248\"><strong><em>Transferencias internacionales<\/em><\/strong><\/td>\n<\/tr>\n<tr>\n<td width=\"158\">Formulario Web<\/td>\n<td width=\"170\">GESTI\u00d3N DE CLIENTES, CONTABLE, FISCAL Y ADMINISTRATIVA. No se tomar\u00e1n decisiones automatizadas en base a dicho perfil.<\/td>\n<td width=\"248\">No se transferir\u00e1n datos fuera de la UE.<\/td>\n<\/tr>\n<\/tbody>\n<\/table>\n<p>&nbsp;<\/p>\n<p><strong>\u00bfCu\u00e1les son sus derechos cuando nos facilita sus datos?<\/strong><\/p>\n<p>Cualquier persona tiene derecho a obtener confirmaci\u00f3n sobre si en IVL estamos tratando datos personales que les conciernan, o no.<\/p>\n<p>Las personas interesadas tienen derecho a acceder a sus datos personales, as\u00ed como a solicitar la rectificaci\u00f3n de los datos inexactos o, en su caso, solicitar su supresi\u00f3n cuando, entre otros motivos, los datos ya no sean necesarios para los fines para los que fueron recogidos.<\/p>\n<p>En determinadas circunstancias, los interesados podr\u00e1n solicitar la limitaci\u00f3n del tratamiento de sus datos, en cuyo caso \u00fanicamente los conservaremos para el ejercicio o defensa de reclamaciones.<\/p>\n<p>En determinadas circunstancias y por motivos relacionados con su situaci\u00f3n particular, los interesados podr\u00e1n oponerse al tratamiento de sus datos. IVL dejar\u00e1 de tratar los datos, salvo por motivos leg\u00edtimos e imperiosos, o el ejercicio o la defensa de posibles reclamaciones.<\/p>\n<p>Asimismo, en determinadas circunstancias y cuando sea t\u00e9cnicamente posible, los interesados tienen derecho a que los datos personales se transmitan directamente a otro responsable a solicitud suya.<\/p>\n<p>Para el ejercicio de estos derechos, dirija un escrito a: Plazuela San Nicolas, 3, 3\u00aa planta 48005 Bilbao o a ivl@ivlogistica.com, acompa\u00f1ado de copia de su DNI.<\/p>\n<p>De igual modo, puede ponerse en contacto con la Agencia Espa\u00f1ola de Protecci\u00f3n de Datos, especialmente cuando no haya obtenido satisfacci\u00f3n en el ejercicio de sus derechos.<\/p>\n<p><strong><u>Ley aplicable y jurisdicci\u00f3n<\/u><\/strong><\/p>\n<p>La ley aplicable en caso de disputa o conflicto de interpretaci\u00f3n de los t\u00e9rminos que conforman este Aviso Legal, as\u00ed como cualquier cuesti\u00f3n relacionada con los servicios del presente Portal, ser\u00e1 la ley espa\u00f1ola.<\/p>\n<p>Para la resoluci\u00f3n de cualquier conflicto que pueda surgir con ocasi\u00f3n de la visita al Portal o del uso de los servicios que en \u00e9l se puedan ofertar, INSTITUTO VASCO DE LOG\u00cdSTICA Y MOVILIDAD SOSTENIBLE y el Usuario acuerdan someterse a los Jueces y Tribunales de Bilbao.<\/p>\n\n\t\t<\/div>\n\t<\/div>\n<\/div><\/div><\/div><\/div><\/div><\/section>\n","protected":false},"excerpt":{"rendered":"Text Block Add any content element into this footer section via Visual Composer. Also you can change sizes, colors, background image of all footer sections. Goodbuy unconvenient widget-oriented content of...","protected":false},"author":1,"featured_media":0,"parent":0,"menu_order":0,"comment_status":"closed","ping_status":"closed","template":"","meta":{"footnotes":""},"class_list":["post-6477","page","type-page","status-publish","hentry"],"yoast_head":"<!-- This site is optimized with the Yoast SEO plugin v18.0 - https:\/\/yoast.com\/wordpress\/plugins\/seo\/ -->\n<meta name=\"robots\" content=\"index, follow, max-snippet:-1, max-image-preview:large, max-video-preview:-1\" \/>\n<link rel=\"canonical\" href=\"https:\/\/www.ivlogistica.com\/es\/aviso-legal\/\" \/>\n<meta property=\"og:locale\" content=\"es_ES\" \/>\n<meta property=\"og:type\" content=\"article\" \/>\n<meta property=\"og:title\" content=\"Aviso legal - IVL\" \/>\n<meta property=\"og:url\" content=\"https:\/\/www.ivlogistica.com\/es\/aviso-legal\/\" \/>\n<meta property=\"og:site_name\" content=\"IVL\" \/>\n<meta property=\"article:modified_time\" content=\"2022-06-28T10:00:08+00:00\" \/>\n<meta name=\"twitter:card\" content=\"summary\" \/>\n<meta name=\"twitter:label1\" content=\"Tiempo de lectura\" \/>\n\t<meta name=\"twitter:data1\" content=\"10 minutos\" \/>\n<script type=\"application\/ld+json\" class=\"yoast-schema-graph\">{\"@context\":\"https:\/\/schema.org\",\"@graph\":[{\"@type\":\"WebSite\",\"@id\":\"https:\/\/www.ivlogistica.com\/es\/#website\",\"url\":\"https:\/\/www.ivlogistica.com\/es\/\",\"name\":\"IVL\",\"description\":\"Instituto Vasco de Log\u00edstica\",\"potentialAction\":[{\"@type\":\"SearchAction\",\"target\":{\"@type\":\"EntryPoint\",\"urlTemplate\":\"https:\/\/www.ivlogistica.com\/es\/?s={search_term_string}\"},\"query-input\":\"required name=search_term_string\"}],\"inLanguage\":\"es\"},{\"@type\":\"WebPage\",\"@id\":\"https:\/\/www.ivlogistica.com\/es\/aviso-legal\/#webpage\",\"url\":\"https:\/\/www.ivlogistica.com\/es\/aviso-legal\/\",\"name\":\"Aviso legal - IVL\",\"isPartOf\":{\"@id\":\"https:\/\/www.ivlogistica.com\/es\/#website\"},\"datePublished\":\"2017-05-15T07:46:09+00:00\",\"dateModified\":\"2022-06-28T10:00:08+00:00\",\"breadcrumb\":{\"@id\":\"https:\/\/www.ivlogistica.com\/es\/aviso-legal\/#breadcrumb\"},\"inLanguage\":\"es\",\"potentialAction\":[{\"@type\":\"ReadAction\",\"target\":[\"https:\/\/www.ivlogistica.com\/es\/aviso-legal\/\"]}]},{\"@type\":\"BreadcrumbList\",\"@id\":\"https:\/\/www.ivlogistica.com\/es\/aviso-legal\/#breadcrumb\",\"itemListElement\":[{\"@type\":\"ListItem\",\"position\":1,\"name\":\"Portada\",\"item\":\"https:\/\/www.ivlogistica.com\/es\/\"},{\"@type\":\"ListItem\",\"position\":2,\"name\":\"Aviso legal\"}]}]}<\/script>\n<!-- \/ Yoast SEO plugin. -->","yoast_head_json":{"robots":{"index":"index","follow":"follow","max-snippet":"max-snippet:-1","max-image-preview":"max-image-preview:large","max-video-preview":"max-video-preview:-1"},"canonical":"https:\/\/www.ivlogistica.com\/es\/aviso-legal\/","og_locale":"es_ES","og_type":"article","og_title":"Aviso legal - IVL","og_url":"https:\/\/www.ivlogistica.com\/es\/aviso-legal\/","og_site_name":"IVL","article_modified_time":"2022-06-28T10:00:08+00:00","twitter_card":"summary","twitter_misc":{"Tiempo de lectura":"10 minutos"},"schema":{"@context":"https:\/\/schema.org","@graph":[{"@type":"WebSite","@id":"https:\/\/www.ivlogistica.com\/es\/#website","url":"https:\/\/www.ivlogistica.com\/es\/","name":"IVL","description":"Instituto Vasco de Log\u00edstica","potentialAction":[{"@type":"SearchAction","target":{"@type":"EntryPoint","urlTemplate":"https:\/\/www.ivlogistica.com\/es\/?s={search_term_string}"},"query-input":"required name=search_term_string"}],"inLanguage":"es"},{"@type":"WebPage","@id":"https:\/\/www.ivlogistica.com\/es\/aviso-legal\/#webpage","url":"https:\/\/www.ivlogistica.com\/es\/aviso-legal\/","name":"Aviso legal - IVL","isPartOf":{"@id":"https:\/\/www.ivlogistica.com\/es\/#website"},"datePublished":"2017-05-15T07:46:09+00:00","dateModified":"2022-06-28T10:00:08+00:00","breadcrumb":{"@id":"https:\/\/www.ivlogistica.com\/es\/aviso-legal\/#breadcrumb"},"inLanguage":"es","potentialAction":[{"@type":"ReadAction","target":["https:\/\/www.ivlogistica.com\/es\/aviso-legal\/"]}]},{"@type":"BreadcrumbList","@id":"https:\/\/www.ivlogistica.com\/es\/aviso-legal\/#breadcrumb","itemListElement":[{"@type":"ListItem","position":1,"name":"Portada","item":"https:\/\/www.ivlogistica.com\/es\/"},{"@type":"ListItem","position":2,"name":"Aviso legal"}]}]}},"_links":{"self":[{"href":"https:\/\/www.ivlogistica.com\/es\/wp-json\/wp\/v2\/pages\/6477"}],"collection":[{"href":"https:\/\/www.ivlogistica.com\/es\/wp-json\/wp\/v2\/pages"}],"about":[{"href":"https:\/\/www.ivlogistica.com\/es\/wp-json\/wp\/v2\/types\/page"}],"author":[{"embeddable":true,"href":"https:\/\/www.ivlogistica.com\/es\/wp-json\/wp\/v2\/users\/1"}],"replies":[{"embeddable":true,"href":"https:\/\/www.ivlogistica.com\/es\/wp-json\/wp\/v2\/comments?post=6477"}],"version-history":[{"count":5,"href":"https:\/\/www.ivlogistica.com\/es\/wp-json\/wp\/v2\/pages\/6477\/revisions"}],"predecessor-version":[{"id":7181,"href":"https:\/\/www.ivlogistica.com\/es\/wp-json\/wp\/v2\/pages\/6477\/revisions\/7181"}],"wp:attachment":[{"href":"https:\/\/www.ivlogistica.com\/es\/wp-json\/wp\/v2\/media?parent=6477"}],"curies":[{"name":"wp","href":"https:\/\/api.w.org\/{rel}","templated":true}]}}