{"id":7384,"date":"2022-04-23T13:58:46","date_gmt":"2022-04-23T11:58:46","guid":{"rendered":"https:\/\/www.ivlogistica.com\/es\/?page_id=7384"},"modified":"2022-06-16T14:04:59","modified_gmt":"2022-06-16T12:04:59","slug":"calculadora-emisiones","status":"publish","type":"page","link":"https:\/\/www.ivlogistica.com\/es\/calculadora-emisiones\/","title":{"rendered":"CALCULADORA DE EMISIONES"},"content":{"rendered":"\n<p>\n      El principal objetivo de la herramienta de medici\u00f3n de emisiones de veh\u00edculos es el c\u00e1lculo o estimaci\u00f3n de las emisiones de sustancias contaminantes principales, que se generan en el proceso de combusti\u00f3n en un veh\u00edculo determinado.\n    <\/p>\n<p>\n      Esta herramienta obtiene una buena aproximaci\u00f3n de las emisiones producidas por el veh\u00edculo independientemente del tipo de trayecto recorrido, ya que depender\u00e1 todo, en gran medida, del consumo medio del veh\u00edculo.\n    <\/p>\n<p>\n      La herramienta realiza dos tipos de c\u00e1lculos o aproximaciones:<\/p>\n<ul>\n<li>C\u00e1lculo directo de las emisiones de CO2.<\/li>\n<li>Estimaci\u00f3n del resto de sustancias.<\/li>\n<\/ul>\n<p>\n      Por un lado las cantidades de CO2 producidas, son de f\u00e1cil c\u00e1lculo pero el resto de emisiones no tiene un m\u00e9todo de c\u00e1lculo directo, como tal, efectivo. La \u00fanica manera de calcular el resto de las emisiones que produce un veh\u00edculo determinado ser\u00eda introducir el mismo en un banco de pruebas y extraer de \u00e9ste los resultados en cantidades emitidas.\n    <\/p>\n<p>\n      Los valores aportados deber\u00e1n ser lo m\u00e1s exactos posibles, ya que una serie de peque\u00f1as variaciones en las entradas podr\u00eda dar lugar a unos resultados con cierta desviaci\u00f3n.\n    <\/p>\n<p>\n      Este m\u00e9todo es bastante fiable para determinar, de manera aproximada, las emisiones que se producen con motivo de la combusti\u00f3n en los veh\u00edculos a gasolina, di\u00e9sel y gas.\n   <\/p>\n<\/p>\n<p><strong>CALCULADORA<\/strong><\/p>\n<form name=\"user_form\">\n<div>\n        <label for=\"matriculacion\">Matriculaci\u00f3n<\/label><br \/>\n        <input\n          type=\"date\"\n          id=\"matriculacion\"\n          name=\"matriculacion\"\n          min=\"1900-01-01\"\n        \/>\n      <\/div>\n<p\/>\n<p\/>\n<div>\n        <label for=\"mma\"><span>MMA del veh\u00edculo <\/span><span style=\"font-size: 11px;\">(kg)<\/span><\/label><br \/>\n        <input id=\"mma\" name=\"mma\" type=\"number\" \/>\n      <\/div>\n<p\/>\n<p\/>\n<div>\n        <label for=\"consumo\"><span>Consumo medio <\/span><span style=\"font-size: 11px;\">(L\/100km)<\/span><\/label><br \/>\n        <input id=\"consumo\" name=\"consumo\" type=\"number\" \/>\n      <\/div>\n<p\/>\n<p\/>\n<div>\n        <label for=\"combustible\">Tipo de combustible utilizado<\/label><br \/>\n        <select name=\"combustible\" id=\"combustible\"><option value=\"Gasolina\">Gasolina<\/option><option value=\"Diesel\">Diesel<\/option><option value=\"Gas\">Gas<\/option><\/select>\n      <\/div>\n<p\/>\n<p\/>\n<p\/>\n<div>\n        <button onclick=\"return compute()\">Calcular<\/button>\n      <\/div>\n<p\/>\n<p\/>\n<p\/>\n<div>\n        <label for=\"norma\">Norma<\/label><br \/>\n        <input id=\"norma\" name=\"norma\" \/>\n      <\/div>\n<p\/>\n<p\/>\n<div>\n        <label for=\"co\"><span>CO <\/span><span style=\"font-size: 11px;\">(gr\/100km)<\/span><\/label><br \/>\n        <input id=\"co\" name=\"co\" type=\"number\" \/>\n      <\/div>\n<p\/>\n<p\/>\n<div>\n        <label for=\"hc\"><span>HC <\/span><span style=\"font-size: 11px;\">(gr\/100km)<\/span><\/label><br \/>\n        <input id=\"hc\" name=\"hc\" type=\"number\" \/>\n      <\/div>\n<p\/>\n<p\/>\n<div>\n        <label for=\"nox\"><span>NOx <\/span><span style=\"font-size: 11px;\">(gr\/100km)<\/span><\/label><br \/>\n        <input id=\"nox\" name=\"nox\" type=\"number\" \/>\n      <\/div>\n<p\/>\n<p\/>\n<div>\n        <label for=\"pm\"><span>PM <\/span><span style=\"font-size: 11px;\">(gr\/100km)<\/span><\/label><br \/>\n        <input id=\"pm\" name=\"pm\" type=\"number\" \/>\n      <\/div>\n<p\/>\n<p\/>\n<div>\n        <label for=\"co2\"><span>CO2 <\/span><span style=\"font-size: 11px;\">(kg\/100 km)<\/span><\/label><br \/>\n        <input id=\"co2\" name=\"co2\" type=\"number\" \/>\n      <\/div>\n<p\/>\n<p\/>\n<div>\n        <label for=\"nmhc\">NMHC<\/label><br \/>\n        <input id=\"nmhc\" name=\"nmhc\" type=\"number\" \/>\n      <\/div>\n<p\/>\n<p\/>\n<div>\n        <label for=\"ch4a\">CH4a<\/label><br \/>\n        <input id=\"ch4a\" name=\"ch4a\" type=\"number\" \/>\n      <\/div>\n<p\/>\n<p\/>\n<div>\n        <label for=\"pmb\">PMb<\/label><br \/>\n        <input id=\"pmb\" name=\"pmb\" type=\"number\" \/>\n      <\/div><\/form>\n","protected":false},"excerpt":{"rendered":"<p>El principal objetivo de la herramienta de medici\u00f3n de emisiones de veh\u00edculos es el c\u00e1lculo o estimaci\u00f3n de las emisiones de sustancias contaminantes principales, que se generan en el proceso&#8230;<\/p>\n","protected":false},"author":1,"featured_media":0,"parent":0,"menu_order":0,"comment_status":"closed","ping_status":"closed","template":"","meta":{"footnotes":""},"class_list":["post-7384","page","type-page","status-publish","hentry"],"yoast_head":"<!-- This site is optimized with the Yoast SEO plugin v18.0 - https:\/\/yoast.com\/wordpress\/plugins\/seo\/ -->\n<meta name=\"robots\" content=\"index, follow, max-snippet:-1, max-image-preview:large, max-video-preview:-1\" \/>\n<link rel=\"canonical\" href=\"https:\/\/www.ivlogistica.com\/es\/calculadora-emisiones\/\" \/>\n<meta property=\"og:locale\" content=\"es_ES\" \/>\n<meta property=\"og:type\" content=\"article\" \/>\n<meta property=\"og:title\" content=\"CALCULADORA DE EMISIONES - IVL\" \/>\n<meta property=\"og:description\" content=\"El principal objetivo de la herramienta de medici\u00f3n de emisiones de veh\u00edculos es el c\u00e1lculo o estimaci\u00f3n de las emisiones de sustancias contaminantes principales, que se generan en el proceso...\" \/>\n<meta property=\"og:url\" content=\"https:\/\/www.ivlogistica.com\/es\/calculadora-emisiones\/\" \/>\n<meta property=\"og:site_name\" content=\"IVL\" \/>\n<meta property=\"article:modified_time\" content=\"2022-06-16T12:04:59+00:00\" \/>\n<meta name=\"twitter:card\" content=\"summary\" \/>\n<meta name=\"twitter:label1\" content=\"Tiempo de lectura\" \/>\n\t<meta name=\"twitter:data1\" content=\"1 minuto\" \/>\n<script type=\"application\/ld+json\" class=\"yoast-schema-graph\">{\"@context\":\"https:\/\/schema.org\",\"@graph\":[{\"@type\":\"WebSite\",\"@id\":\"https:\/\/www.ivlogistica.com\/es\/#website\",\"url\":\"https:\/\/www.ivlogistica.com\/es\/\",\"name\":\"IVL\",\"description\":\"Instituto Vasco de Log\u00edstica\",\"potentialAction\":[{\"@type\":\"SearchAction\",\"target\":{\"@type\":\"EntryPoint\",\"urlTemplate\":\"https:\/\/www.ivlogistica.com\/es\/?s={search_term_string}\"},\"query-input\":\"required name=search_term_string\"}],\"inLanguage\":\"es\"},{\"@type\":\"WebPage\",\"@id\":\"https:\/\/www.ivlogistica.com\/es\/calculadora-emisiones\/#webpage\",\"url\":\"https:\/\/www.ivlogistica.com\/es\/calculadora-emisiones\/\",\"name\":\"CALCULADORA DE EMISIONES - IVL\",\"isPartOf\":{\"@id\":\"https:\/\/www.ivlogistica.com\/es\/#website\"},\"datePublished\":\"2022-04-23T11:58:46+00:00\",\"dateModified\":\"2022-06-16T12:04:59+00:00\",\"breadcrumb\":{\"@id\":\"https:\/\/www.ivlogistica.com\/es\/calculadora-emisiones\/#breadcrumb\"},\"inLanguage\":\"es\",\"potentialAction\":[{\"@type\":\"ReadAction\",\"target\":[\"https:\/\/www.ivlogistica.com\/es\/calculadora-emisiones\/\"]}]},{\"@type\":\"BreadcrumbList\",\"@id\":\"https:\/\/www.ivlogistica.com\/es\/calculadora-emisiones\/#breadcrumb\",\"itemListElement\":[{\"@type\":\"ListItem\",\"position\":1,\"name\":\"Portada\",\"item\":\"https:\/\/www.ivlogistica.com\/es\/\"},{\"@type\":\"ListItem\",\"position\":2,\"name\":\"CALCULADORA DE EMISIONES\"}]}]}<\/script>\n<!-- \/ Yoast SEO plugin. -->","yoast_head_json":{"robots":{"index":"index","follow":"follow","max-snippet":"max-snippet:-1","max-image-preview":"max-image-preview:large","max-video-preview":"max-video-preview:-1"},"canonical":"https:\/\/www.ivlogistica.com\/es\/calculadora-emisiones\/","og_locale":"es_ES","og_type":"article","og_title":"CALCULADORA DE EMISIONES - IVL","og_description":"El principal objetivo de la herramienta de medici\u00f3n de emisiones de veh\u00edculos es el c\u00e1lculo o estimaci\u00f3n de las emisiones de sustancias contaminantes principales, que se generan en el proceso...","og_url":"https:\/\/www.ivlogistica.com\/es\/calculadora-emisiones\/","og_site_name":"IVL","article_modified_time":"2022-06-16T12:04:59+00:00","twitter_card":"summary","twitter_misc":{"Tiempo de lectura":"1 minuto"},"schema":{"@context":"https:\/\/schema.org","@graph":[{"@type":"WebSite","@id":"https:\/\/www.ivlogistica.com\/es\/#website","url":"https:\/\/www.ivlogistica.com\/es\/","name":"IVL","description":"Instituto Vasco de Log\u00edstica","potentialAction":[{"@type":"SearchAction","target":{"@type":"EntryPoint","urlTemplate":"https:\/\/www.ivlogistica.com\/es\/?s={search_term_string}"},"query-input":"required name=search_term_string"}],"inLanguage":"es"},{"@type":"WebPage","@id":"https:\/\/www.ivlogistica.com\/es\/calculadora-emisiones\/#webpage","url":"https:\/\/www.ivlogistica.com\/es\/calculadora-emisiones\/","name":"CALCULADORA DE EMISIONES - IVL","isPartOf":{"@id":"https:\/\/www.ivlogistica.com\/es\/#website"},"datePublished":"2022-04-23T11:58:46+00:00","dateModified":"2022-06-16T12:04:59+00:00","breadcrumb":{"@id":"https:\/\/www.ivlogistica.com\/es\/calculadora-emisiones\/#breadcrumb"},"inLanguage":"es","potentialAction":[{"@type":"ReadAction","target":["https:\/\/www.ivlogistica.com\/es\/calculadora-emisiones\/"]}]},{"@type":"BreadcrumbList","@id":"https:\/\/www.ivlogistica.com\/es\/calculadora-emisiones\/#breadcrumb","itemListElement":[{"@type":"ListItem","position":1,"name":"Portada","item":"https:\/\/www.ivlogistica.com\/es\/"},{"@type":"ListItem","position":2,"name":"CALCULADORA DE EMISIONES"}]}]}},"_links":{"self":[{"href":"https:\/\/www.ivlogistica.com\/es\/wp-json\/wp\/v2\/pages\/7384"}],"collection":[{"href":"https:\/\/www.ivlogistica.com\/es\/wp-json\/wp\/v2\/pages"}],"about":[{"href":"https:\/\/www.ivlogistica.com\/es\/wp-json\/wp\/v2\/types\/page"}],"author":[{"embeddable":true,"href":"https:\/\/www.ivlogistica.com\/es\/wp-json\/wp\/v2\/users\/1"}],"replies":[{"embeddable":true,"href":"https:\/\/www.ivlogistica.com\/es\/wp-json\/wp\/v2\/comments?post=7384"}],"version-history":[{"count":22,"href":"https:\/\/www.ivlogistica.com\/es\/wp-json\/wp\/v2\/pages\/7384\/revisions"}],"predecessor-version":[{"id":7396,"href":"https:\/\/www.ivlogistica.com\/es\/wp-json\/wp\/v2\/pages\/7384\/revisions\/7396"}],"wp:attachment":[{"href":"https:\/\/www.ivlogistica.com\/es\/wp-json\/wp\/v2\/media?parent=7384"}],"curies":[{"name":"wp","href":"https:\/\/api.w.org\/{rel}","templated":true}]}}